{"id":316,"date":"2020-08-24T11:20:22","date_gmt":"2020-08-24T11:20:22","guid":{"rendered":"https:\/\/bizbergthemes.com\/business-event-pro\/?page_id=316"},"modified":"2025-11-04T16:30:28","modified_gmt":"2025-11-04T16:30:28","slug":"about-us-2","status":"publish","type":"page","link":"https:\/\/www.ludifest.cl\/?page_id=316","title":{"rendered":"About Us"},"content":{"rendered":"\t\t<div data-elementor-type=\"wp-page\" data-elementor-id=\"316\" class=\"elementor elementor-316\">\n\t\t\t\t\t\t<section class=\"elementor-section elementor-top-section elementor-element elementor-element-7be43be elementor-section-boxed elementor-section-height-default elementor-section-height-default\" data-id=\"7be43be\" data-element_type=\"section\" data-settings=\"{&quot;background_background&quot;:&quot;classic&quot;}\">\n\t\t\t\t\t\t\t<div class=\"elementor-background-overlay\"><\/div>\n\t\t\t\t\t\t\t<div class=\"elementor-container elementor-column-gap-default\">\n\t\t\t\t\t<div class=\"elementor-column elementor-col-100 elementor-top-column elementor-element elementor-element-097fb1b\" data-id=\"097fb1b\" data-element_type=\"column\">\n\t\t\t<div class=\"elementor-widget-wrap elementor-element-populated\">\n\t\t\t\t\t\t<div class=\"elementor-element elementor-element-951674a elementor-invisible elementor-widget elementor-widget-heading\" data-id=\"951674a\" data-element_type=\"widget\" data-settings=\"{&quot;_animation&quot;:&quot;fadeInDown&quot;}\" data-widget_type=\"heading.default\">\n\t\t\t\t<div class=\"elementor-widget-container\">\n\t\t\t\t\t<h2 class=\"elementor-heading-title elementor-size-default\">Sobre nosotros<\/h2>\t\t\t\t<\/div>\n\t\t\t\t<\/div>\n\t\t\t\t<div class=\"elementor-element elementor-element-fcef183 elementor-invisible elementor-widget elementor-widget-heading\" data-id=\"fcef183\" data-element_type=\"widget\" data-settings=\"{&quot;_animation&quot;:&quot;fadeInDown&quot;}\" data-widget_type=\"heading.default\">\n\t\t\t\t<div class=\"elementor-widget-container\">\n\t\t\t\t\t<p class=\"elementor-heading-title elementor-size-default\">Ludifest es un evento que naci\u00f3 en 2019, alcanzando una gran acogida nacional en su primera versi\u00f3n realizada en el GAM.\nTras dos a\u00f1os de pausa debido a la contingencia mundial, regresamos en 2023 con una propuesta a\u00fan m\u00e1s ambiciosa: llevar los juegos de tablero al principal escenario cultural de Chile.\n\nEl nuevo espacio nos ha permitido ampliar la invitaci\u00f3n a m\u00e1s editoriales, invitados y asistentes, consolidando a Ludifest como un punto de encuentro para la comunidad l\u00fadica.\nCada a\u00f1o apostamos por m\u00e1s, con el firme prop\u00f3sito de seguir haciendo crecer el mundo de los juegos de mesa en Chile.<\/p>\t\t\t\t<\/div>\n\t\t\t\t<\/div>\n\t\t\t\t\t<\/div>\n\t\t<\/div>\n\t\t\t\t\t<\/div>\n\t\t<\/section>\n\t\t\t\t<section class=\"elementor-section elementor-top-section elementor-element elementor-element-3298328 elementor-section-full_width elementor-section-height-default elementor-section-height-default\" data-id=\"3298328\" data-element_type=\"section\">\n\t\t\t\t\t\t<div class=\"elementor-container elementor-column-gap-default\">\n\t\t\t\t\t<div class=\"elementor-column elementor-col-50 elementor-top-column elementor-element elementor-element-3e2fdfa elementor-invisible\" data-id=\"3e2fdfa\" data-element_type=\"column\" data-settings=\"{&quot;background_background&quot;:&quot;classic&quot;,&quot;animation&quot;:&quot;fadeInLeft&quot;}\">\n\t\t\t<div class=\"elementor-widget-wrap elementor-element-populated\">\n\t\t\t\t\t\t<div class=\"elementor-element elementor-element-4b8e03e elementor-widget elementor-widget-spacer\" data-id=\"4b8e03e\" data-element_type=\"widget\" data-widget_type=\"spacer.default\">\n\t\t\t\t<div class=\"elementor-widget-container\">\n\t\t\t\t\t\t\t<div class=\"elementor-spacer\">\n\t\t\t<div class=\"elementor-spacer-inner\"><\/div>\n\t\t<\/div>\n\t\t\t\t\t\t<\/div>\n\t\t\t\t<\/div>\n\t\t\t\t\t<\/div>\n\t\t<\/div>\n\t\t\t\t<div class=\"elementor-column elementor-col-50 elementor-top-column elementor-element elementor-element-21caa05 elementor-invisible\" data-id=\"21caa05\" data-element_type=\"column\" data-settings=\"{&quot;background_background&quot;:&quot;classic&quot;,&quot;animation&quot;:&quot;fadeInRight&quot;}\">\n\t\t\t<div class=\"elementor-widget-wrap elementor-element-populated\">\n\t\t\t\t\t<div class=\"elementor-background-overlay\"><\/div>\n\t\t\t\t\t\t<div class=\"elementor-element elementor-element-92442bc elementor-widget elementor-widget-heading\" data-id=\"92442bc\" data-element_type=\"widget\" data-widget_type=\"heading.default\">\n\t\t\t\t<div class=\"elementor-widget-container\">\n\t\t\t\t\t<h2 class=\"elementor-heading-title elementor-size-default\">LUDIFEST 2026<\/h2>\t\t\t\t<\/div>\n\t\t\t\t<\/div>\n\t\t\t\t<div class=\"elementor-element elementor-element-1d08c32 elementor-widget elementor-widget-heading\" data-id=\"1d08c32\" data-element_type=\"widget\" data-widget_type=\"heading.default\">\n\t\t\t\t<div class=\"elementor-widget-container\">\n\t\t\t\t\t<p class=\"elementor-heading-title elementor-size-default\"><p>El festival internacional de los juegos de mesa y tableros regresa en su quinta edici\u00f3n los d\u00edas 2 y 3 de mayo de 2026, consolid\u00e1ndose como uno de los grandes encuentros<\/p><p><span lang=\"ES-CL\">l\u00fadicos de Chile y un referente para la regi\u00f3n.\n<\/span>La cita ser\u00e1 nuevamente en el Centro Cultural Estaci\u00f3n Mapocho, escenario hist\u00f3rico que, como en a\u00f1os anteriores, permitir\u00e1 a los asistentes disfrutar de la experiencia caracter\u00edstica de Ludifest en un lugar emblem\u00e1tico y accesible para todos.<\/p><p><span lang=\"ES-CL\">\n\n<\/span><\/p><\/p>\t\t\t\t<\/div>\n\t\t\t\t<\/div>\n\t\t\t\t\t<\/div>\n\t\t<\/div>\n\t\t\t\t\t<\/div>\n\t\t<\/section>\n\t\t\t\t<section class=\"elementor-section elementor-top-section elementor-element elementor-element-ab1533e elementor-section-full_width elementor-reverse-tablet elementor-reverse-mobile elementor-section-height-default elementor-section-height-default\" data-id=\"ab1533e\" data-element_type=\"section\">\n\t\t\t\t\t\t<div class=\"elementor-container elementor-column-gap-default\">\n\t\t\t\t\t<div class=\"elementor-column elementor-col-50 elementor-top-column elementor-element elementor-element-34ea515 elementor-invisible\" data-id=\"34ea515\" data-element_type=\"column\" data-settings=\"{&quot;background_background&quot;:&quot;classic&quot;,&quot;animation&quot;:&quot;fadeInLeft&quot;}\">\n\t\t\t<div class=\"elementor-widget-wrap elementor-element-populated\">\n\t\t\t\t\t<div class=\"elementor-background-overlay\"><\/div>\n\t\t\t\t\t\t<div class=\"elementor-element elementor-element-6f58e8d elementor-widget elementor-widget-heading\" data-id=\"6f58e8d\" data-element_type=\"widget\" data-widget_type=\"heading.default\">\n\t\t\t\t<div class=\"elementor-widget-container\">\n\t\t\t\t\t<h2 class=\"elementor-heading-title elementor-size-default\"><b>TE INVITAMOS A ASISTIR<\/b><\/h2>\t\t\t\t<\/div>\n\t\t\t\t<\/div>\n\t\t\t\t<div class=\"elementor-element elementor-element-d5bccf1 elementor-widget elementor-widget-heading\" data-id=\"d5bccf1\" data-element_type=\"widget\" data-widget_type=\"heading.default\">\n\t\t\t\t<div class=\"elementor-widget-container\">\n\t\t\t\t\t<p class=\"elementor-heading-title elementor-size-default\"><p><span lang=\"ES-CL\">Durante dos jornadas, jugadores de todas las edades \u2014desde familias que reci\u00e9n se acercan a este universo hasta fan\u00e1ticos experimentados\u2014 podr\u00e1n participar en torneos,\ndemostraciones y lanzamientos exclusivos, adem\u00e1s de  m\u00faltiples actividades que celebran lo mejor del mundo de los juegos de mesa.<\/span><\/p><\/p>\t\t\t\t<\/div>\n\t\t\t\t<\/div>\n\t\t\t\t\t<\/div>\n\t\t<\/div>\n\t\t\t\t<div class=\"elementor-column elementor-col-50 elementor-top-column elementor-element elementor-element-37f4712 elementor-invisible\" data-id=\"37f4712\" data-element_type=\"column\" data-settings=\"{&quot;background_background&quot;:&quot;classic&quot;,&quot;animation&quot;:&quot;fadeInRight&quot;}\">\n\t\t\t<div class=\"elementor-widget-wrap elementor-element-populated\">\n\t\t\t\t\t\t<div class=\"elementor-element elementor-element-942ad6d elementor-widget elementor-widget-spacer\" data-id=\"942ad6d\" data-element_type=\"widget\" data-widget_type=\"spacer.default\">\n\t\t\t\t<div class=\"elementor-widget-container\">\n\t\t\t\t\t\t\t<div class=\"elementor-spacer\">\n\t\t\t<div class=\"elementor-spacer-inner\"><\/div>\n\t\t<\/div>\n\t\t\t\t\t\t<\/div>\n\t\t\t\t<\/div>\n\t\t\t\t\t<\/div>\n\t\t<\/div>\n\t\t\t\t\t<\/div>\n\t\t<\/section>\n\t\t\t\t<section class=\"elementor-section elementor-top-section elementor-element elementor-element-c5a53a4 elementor-section-boxed elementor-section-height-default elementor-section-height-default\" data-id=\"c5a53a4\" data-element_type=\"section\">\n\t\t\t\t\t\t\t<div class=\"elementor-background-overlay\"><\/div>\n\t\t\t\t\t\t\t<div class=\"elementor-container elementor-column-gap-default\">\n\t\t\t\t\t<div class=\"elementor-column elementor-col-100 elementor-top-column elementor-element elementor-element-83b8f25\" data-id=\"83b8f25\" data-element_type=\"column\">\n\t\t\t<div class=\"elementor-widget-wrap\">\n\t\t\t\t\t\t\t<\/div>\n\t\t<\/div>\n\t\t\t\t\t<\/div>\n\t\t<\/section>\n\t\t\t\t<section class=\"elementor-section elementor-top-section elementor-element elementor-element-5723dfcb elementor-section-boxed elementor-section-height-default elementor-section-height-default\" data-id=\"5723dfcb\" data-element_type=\"section\" data-settings=\"{&quot;background_background&quot;:&quot;classic&quot;}\">\n\t\t\t\t\t\t<div class=\"elementor-container elementor-column-gap-default\">\n\t\t\t\t\t<div class=\"elementor-column elementor-col-50 elementor-top-column elementor-element elementor-element-1d32594b elementor-invisible\" data-id=\"1d32594b\" data-element_type=\"column\" data-settings=\"{&quot;animation&quot;:&quot;fadeInLeft&quot;}\">\n\t\t\t<div class=\"elementor-widget-wrap elementor-element-populated\">\n\t\t\t\t\t\t<div class=\"elementor-element elementor-element-751c149e elementor-widget elementor-widget-heading\" data-id=\"751c149e\" data-element_type=\"widget\" data-widget_type=\"heading.default\">\n\t\t\t\t<div class=\"elementor-widget-container\">\n\t\t\t\t\t<h3 class=\"elementor-heading-title elementor-size-default\">Obt\u00e9n tu entrada a Ludifest 2026<\/h3>\t\t\t\t<\/div>\n\t\t\t\t<\/div>\n\t\t\t\t\t<\/div>\n\t\t<\/div>\n\t\t\t\t<div class=\"elementor-column elementor-col-50 elementor-top-column elementor-element elementor-element-18ad7493 elementor-invisible\" data-id=\"18ad7493\" data-element_type=\"column\" data-settings=\"{&quot;animation&quot;:&quot;fadeInRight&quot;}\">\n\t\t\t<div class=\"elementor-widget-wrap elementor-element-populated\">\n\t\t\t\t\t\t<div class=\"elementor-element elementor-element-50f9a8bf elementor-align-center elementor-invisible elementor-widget elementor-widget-button\" data-id=\"50f9a8bf\" data-element_type=\"widget\" data-settings=\"{&quot;_animation&quot;:&quot;fadeInUp&quot;}\" data-widget_type=\"button.default\">\n\t\t\t\t<div class=\"elementor-widget-container\">\n\t\t\t\t\t\t\t\t\t<div class=\"elementor-button-wrapper\">\n\t\t\t\t\t<a class=\"elementor-button elementor-button-link elementor-size-sm\" href=\"#\">\n\t\t\t\t\t\t<span class=\"elementor-button-content-wrapper\">\n\t\t\t\t\t\t\t\t\t<span class=\"elementor-button-text\">Buy Ticket<\/span>\n\t\t\t\t\t<\/span>\n\t\t\t\t\t<\/a>\n\t\t\t\t<\/div>\n\t\t\t\t\t\t\t\t<\/div>\n\t\t\t\t<\/div>\n\t\t\t\t\t<\/div>\n\t\t<\/div>\n\t\t\t\t\t<\/div>\n\t\t<\/section>\n\t\t\t\t<section class=\"elementor-section elementor-top-section elementor-element elementor-element-7638c4fb elementor-section-boxed elementor-section-height-default elementor-section-height-default\" data-id=\"7638c4fb\" data-element_type=\"section\">\n\t\t\t\t\t\t\t<div class=\"elementor-background-overlay\"><\/div>\n\t\t\t\t\t\t\t<div class=\"elementor-container elementor-column-gap-default\">\n\t\t\t\t\t<div class=\"elementor-column elementor-col-50 elementor-top-column elementor-element elementor-element-4ffaccf7 elementor-invisible\" data-id=\"4ffaccf7\" data-element_type=\"column\" data-settings=\"{&quot;animation&quot;:&quot;fadeInLeft&quot;}\">\n\t\t\t<div class=\"elementor-widget-wrap elementor-element-populated\">\n\t\t\t\t\t\t<div class=\"elementor-element elementor-element-5521a558 elementor-widget elementor-widget-google_maps\" data-id=\"5521a558\" data-element_type=\"widget\" data-widget_type=\"google_maps.default\">\n\t\t\t\t<div class=\"elementor-widget-container\">\n\t\t\t\t\t\t\t<div class=\"elementor-custom-embed\">\n\t\t\t<iframe loading=\"lazy\"\n\t\t\t\t\tsrc=\"https:\/\/maps.google.com\/maps?q=Centro%20Cultural%20Estaci%C3%B3n%20Mapocho&#038;t=m&#038;z=15&#038;output=embed&#038;iwloc=near\"\n\t\t\t\t\ttitle=\"Centro Cultural Estaci\u00f3n Mapocho\"\n\t\t\t\t\taria-label=\"Centro Cultural Estaci\u00f3n Mapocho\"\n\t\t\t><\/iframe>\n\t\t<\/div>\n\t\t\t\t\t\t<\/div>\n\t\t\t\t<\/div>\n\t\t\t\t\t<\/div>\n\t\t<\/div>\n\t\t\t\t<div class=\"elementor-column elementor-col-50 elementor-top-column elementor-element elementor-element-5f7782f5 elementor-invisible\" data-id=\"5f7782f5\" data-element_type=\"column\" data-settings=\"{&quot;animation&quot;:&quot;fadeInRight&quot;}\">\n\t\t\t<div class=\"elementor-widget-wrap elementor-element-populated\">\n\t\t\t\t\t\t<div class=\"elementor-element elementor-element-10c16271 elementor-widget elementor-widget-eael-feature-list\" data-id=\"10c16271\" data-element_type=\"widget\" data-widget_type=\"eael-feature-list.default\">\n\t\t\t\t<div class=\"elementor-widget-container\">\n\t\t\t\t\t\t\t<div class=\"-icon-position-left -tablet-icon-position-left -mobile-icon-position-left\">\n\t\t\t<ul id=\"eael-feature-list-10c16271\" class=\"eael-feature-list-items circle stacked  eael-feature-list-vertical\" data-layout-tablet=\"vertical\" data-layout-mobile=\"vertical\">\n\t\t\t                <li class=\"eael-feature-list-item elementor-repeater-item-1a4648a\">\n                    \n\t\t\t\t\t\t<div class=\"eael-feature-list-icon-box\">\n\t\t\t\t\t\t\t<div class=\"eael-feature-list-icon-inner\">\n\n\t\t\t\t\t\t\t\t<a class=\"eael-feature-list-icon fl-icon-0\"href=\"http:\/\/www.ludifest.cl\">\n\n\t\t<svg aria-hidden=\"true\" class=\"e-font-icon-svg e-fas-map-marked-alt\" viewBox=\"0 0 576 512\" xmlns=\"http:\/\/www.w3.org\/2000\/svg\"><path d=\"M288 0c-69.59 0-126 56.41-126 126 0 56.26 82.35 158.8 113.9 196.02 6.39 7.54 17.82 7.54 24.2 0C331.65 284.8 414 182.26 414 126 414 56.41 357.59 0 288 0zm0 168c-23.2 0-42-18.8-42-42s18.8-42 42-42 42 18.8 42 42-18.8 42-42 42zM20.12 215.95A32.006 32.006 0 0 0 0 245.66v250.32c0 11.32 11.43 19.06 21.94 14.86L160 448V214.92c-8.84-15.98-16.07-31.54-21.25-46.42L20.12 215.95zM288 359.67c-14.07 0-27.38-6.18-36.51-16.96-19.66-23.2-40.57-49.62-59.49-76.72v182l192 64V266c-18.92 27.09-39.82 53.52-59.49 76.72-9.13 10.77-22.44 16.95-36.51 16.95zm266.06-198.51L416 224v288l139.88-55.95A31.996 31.996 0 0 0 576 426.34V176.02c0-11.32-11.43-19.06-21.94-14.86z\"><\/path><\/svg>\t\t\t\t\t\t\t\t<\/a>\n\t\t\t\t\t\t\t<\/div>\n\t\t\t\t\t\t<\/div>\n\t\t\t\t\t\t<div class=\"eael-feature-list-content-box\">\n                            <h4 class=\"eael-feature-list-title\"><a href=\"http:\/\/www.ludifest.cl\">Ubicaci\u00f3n<\/a><\/h4>\t\t\t\t\t\t<p class=\"eael-feature-list-content\">Centro Cultural Estaci\u00f3n Mapocho<br>\nPlaza de la Cultura<br>\nSantiago, Chile<\/p>\n\t\t\t\t\t\t<\/div>\n\n\t\t\t\t\t<\/li>\n\t\t\t\t                <li class=\"eael-feature-list-item elementor-repeater-item-5963a44\">\n                    \n\t\t\t\t\t\t<div class=\"eael-feature-list-icon-box\">\n\t\t\t\t\t\t\t<div class=\"eael-feature-list-icon-inner\">\n\n\t\t\t\t\t\t\t\t<span class=\"eael-feature-list-icon fl-icon-1\">\n\n\t\t<svg aria-hidden=\"true\" class=\"e-font-icon-svg e-fas-comment-alt\" viewBox=\"0 0 512 512\" xmlns=\"http:\/\/www.w3.org\/2000\/svg\"><path d=\"M448 0H64C28.7 0 0 28.7 0 64v288c0 35.3 28.7 64 64 64h96v84c0 9.8 11.2 15.5 19.1 9.7L304 416h144c35.3 0 64-28.7 64-64V64c0-35.3-28.7-64-64-64z\"><\/path><\/svg>\t\t\t\t\t\t\t\t<\/span>\n\t\t\t\t\t\t\t<\/div>\n\t\t\t\t\t\t<\/div>\n\t\t\t\t\t\t<div class=\"eael-feature-list-content-box\">\n                            <h4 class=\"eael-feature-list-title\">Contacto<\/h4>\t\t\t\t\t\t<p class=\"eael-feature-list-content\">juguemos@ludifest.cl\n\n\n<\/p>\n\t\t\t\t\t\t<\/div>\n\n\t\t\t\t\t<\/li>\n\t\t\t\t\t\t\t<\/ul>\n\t\t<\/div>\n\t\t\t\t\t\t<\/div>\n\t\t\t\t<\/div>\n\t\t\t\t\t<\/div>\n\t\t<\/div>\n\t\t\t\t\t<\/div>\n\t\t<\/section>\n\t\t\t\t<\/div>\n\t\t","protected":false},"excerpt":{"rendered":"<p>Sobre nosotros Ludifest es un evento que naci\u00f3 en 2019, alcanzando una gran acogida nacional en su primera versi\u00f3n realizada en el GAM. Tras dos a\u00f1os de pausa debido a la contingencia mundial, regresamos en 2023 con una propuesta a\u00fan m\u00e1s ambiciosa: llevar los juegos de tablero al principal escenario cultural de Chile. El nuevo espacio nos ha permitido ampliar&#8230;<\/p>\n","protected":false},"author":3,"featured_media":0,"parent":0,"menu_order":0,"comment_status":"closed","ping_status":"closed","template":"elementor_header_footer","meta":{"footnotes":""},"class_list":["post-316","page","type-page","status-publish","hentry"],"yoast_head":"<!-- This site is optimized with the Yoast SEO Premium plugin v25.0 (Yoast SEO v25.0) - https:\/\/yoast.com\/wordpress\/plugins\/seo\/ -->\n<title>About Us - Ludifest 2026<\/title>\n<meta name=\"robots\" content=\"index, follow, max-snippet:-1, max-image-preview:large, max-video-preview:-1\" \/>\n<link rel=\"canonical\" href=\"https:\/\/www.ludifest.cl\/?page_id=316\" \/>\n<meta property=\"og:locale\" content=\"en_US\" \/>\n<meta property=\"og:type\" content=\"article\" \/>\n<meta property=\"og:title\" content=\"About Us\" \/>\n<meta property=\"og:description\" content=\"Sobre nosotros Ludifest es un evento que naci\u00f3 en 2019, alcanzando una gran acogida nacional en su primera versi\u00f3n realizada en el GAM. Tras dos a\u00f1os de pausa debido a la contingencia mundial, regresamos en 2023 con una propuesta a\u00fan m\u00e1s ambiciosa: llevar los juegos de tablero al principal escenario cultural de Chile. El nuevo espacio nos ha permitido ampliar...\" \/>\n<meta property=\"og:url\" content=\"https:\/\/www.ludifest.cl\/?page_id=316\" \/>\n<meta property=\"og:site_name\" content=\"Ludifest 2026\" \/>\n<meta property=\"article:modified_time\" content=\"2025-11-04T16:30:28+00:00\" \/>\n<meta name=\"twitter:card\" content=\"summary_large_image\" \/>\n<meta name=\"twitter:label1\" content=\"Est. reading time\" \/>\n\t<meta name=\"twitter:data1\" content=\"2 minutes\" \/>\n<script type=\"application\/ld+json\" class=\"yoast-schema-graph\">{\"@context\":\"https:\/\/schema.org\",\"@graph\":[{\"@type\":\"WebPage\",\"@id\":\"https:\/\/www.ludifest.cl\/?page_id=316\",\"url\":\"https:\/\/www.ludifest.cl\/?page_id=316\",\"name\":\"About Us - Ludifest 2026\",\"isPartOf\":{\"@id\":\"https:\/\/www.ludifest.cl\/#website\"},\"datePublished\":\"2020-08-24T11:20:22+00:00\",\"dateModified\":\"2025-11-04T16:30:28+00:00\",\"breadcrumb\":{\"@id\":\"https:\/\/www.ludifest.cl\/?page_id=316#breadcrumb\"},\"inLanguage\":\"en-CA\",\"potentialAction\":[{\"@type\":\"ReadAction\",\"target\":[\"https:\/\/www.ludifest.cl\/?page_id=316\"]}]},{\"@type\":\"BreadcrumbList\",\"@id\":\"https:\/\/www.ludifest.cl\/?page_id=316#breadcrumb\",\"itemListElement\":[{\"@type\":\"ListItem\",\"position\":1,\"name\":\"Home\",\"item\":\"https:\/\/www.ludifest.cl\/\"},{\"@type\":\"ListItem\",\"position\":2,\"name\":\"About Us\"}]},{\"@type\":\"WebSite\",\"@id\":\"https:\/\/www.ludifest.cl\/#website\",\"url\":\"https:\/\/www.ludifest.cl\/\",\"name\":\"Ludifest 2026\",\"description\":\"El festival de los juegos de mesa\",\"publisher\":{\"@id\":\"https:\/\/www.ludifest.cl\/#organization\"},\"potentialAction\":[{\"@type\":\"SearchAction\",\"target\":{\"@type\":\"EntryPoint\",\"urlTemplate\":\"https:\/\/www.ludifest.cl\/?s={search_term_string}\"},\"query-input\":{\"@type\":\"PropertyValueSpecification\",\"valueRequired\":true,\"valueName\":\"search_term_string\"}}],\"inLanguage\":\"en-CA\"},{\"@type\":\"Organization\",\"@id\":\"https:\/\/www.ludifest.cl\/#organization\",\"name\":\"Ludifest 2026\",\"url\":\"https:\/\/www.ludifest.cl\/\",\"logo\":{\"@type\":\"ImageObject\",\"inLanguage\":\"en-CA\",\"@id\":\"https:\/\/www.ludifest.cl\/#\/schema\/logo\/image\/\",\"url\":\"https:\/\/cdn.svc.asmodee.net\/production-ludifest\/uploads\/2020\/08\/Logo-Ludifest-V.png\",\"contentUrl\":\"https:\/\/cdn.svc.asmodee.net\/production-ludifest\/uploads\/2020\/08\/Logo-Ludifest-V.png\",\"width\":2245,\"height\":316,\"caption\":\"Ludifest 2026\"},\"image\":{\"@id\":\"https:\/\/www.ludifest.cl\/#\/schema\/logo\/image\/\"}}]}<\/script>\n<!-- \/ Yoast SEO Premium plugin. -->","yoast_head_json":{"title":"About Us - Ludifest 2026","robots":{"index":"index","follow":"follow","max-snippet":"max-snippet:-1","max-image-preview":"max-image-preview:large","max-video-preview":"max-video-preview:-1"},"canonical":"https:\/\/www.ludifest.cl\/?page_id=316","og_locale":"en_US","og_type":"article","og_title":"About Us","og_description":"Sobre nosotros Ludifest es un evento que naci\u00f3 en 2019, alcanzando una gran acogida nacional en su primera versi\u00f3n realizada en el GAM. Tras dos a\u00f1os de pausa debido a la contingencia mundial, regresamos en 2023 con una propuesta a\u00fan m\u00e1s ambiciosa: llevar los juegos de tablero al principal escenario cultural de Chile. El nuevo espacio nos ha permitido ampliar...","og_url":"https:\/\/www.ludifest.cl\/?page_id=316","og_site_name":"Ludifest 2026","article_modified_time":"2025-11-04T16:30:28+00:00","twitter_card":"summary_large_image","twitter_misc":{"Est. reading time":"2 minutes"},"schema":{"@context":"https:\/\/schema.org","@graph":[{"@type":"WebPage","@id":"https:\/\/www.ludifest.cl\/?page_id=316","url":"https:\/\/www.ludifest.cl\/?page_id=316","name":"About Us - Ludifest 2026","isPartOf":{"@id":"https:\/\/www.ludifest.cl\/#website"},"datePublished":"2020-08-24T11:20:22+00:00","dateModified":"2025-11-04T16:30:28+00:00","breadcrumb":{"@id":"https:\/\/www.ludifest.cl\/?page_id=316#breadcrumb"},"inLanguage":"en-CA","potentialAction":[{"@type":"ReadAction","target":["https:\/\/www.ludifest.cl\/?page_id=316"]}]},{"@type":"BreadcrumbList","@id":"https:\/\/www.ludifest.cl\/?page_id=316#breadcrumb","itemListElement":[{"@type":"ListItem","position":1,"name":"Home","item":"https:\/\/www.ludifest.cl\/"},{"@type":"ListItem","position":2,"name":"About Us"}]},{"@type":"WebSite","@id":"https:\/\/www.ludifest.cl\/#website","url":"https:\/\/www.ludifest.cl\/","name":"Ludifest 2026","description":"El festival de los juegos de mesa","publisher":{"@id":"https:\/\/www.ludifest.cl\/#organization"},"potentialAction":[{"@type":"SearchAction","target":{"@type":"EntryPoint","urlTemplate":"https:\/\/www.ludifest.cl\/?s={search_term_string}"},"query-input":{"@type":"PropertyValueSpecification","valueRequired":true,"valueName":"search_term_string"}}],"inLanguage":"en-CA"},{"@type":"Organization","@id":"https:\/\/www.ludifest.cl\/#organization","name":"Ludifest 2026","url":"https:\/\/www.ludifest.cl\/","logo":{"@type":"ImageObject","inLanguage":"en-CA","@id":"https:\/\/www.ludifest.cl\/#\/schema\/logo\/image\/","url":"https:\/\/cdn.svc.asmodee.net\/production-ludifest\/uploads\/2020\/08\/Logo-Ludifest-V.png","contentUrl":"https:\/\/cdn.svc.asmodee.net\/production-ludifest\/uploads\/2020\/08\/Logo-Ludifest-V.png","width":2245,"height":316,"caption":"Ludifest 2026"},"image":{"@id":"https:\/\/www.ludifest.cl\/#\/schema\/logo\/image\/"}}]}},"_links":{"self":[{"href":"https:\/\/www.ludifest.cl\/index.php?rest_route=\/wp\/v2\/pages\/316","targetHints":{"allow":["GET"]}}],"collection":[{"href":"https:\/\/www.ludifest.cl\/index.php?rest_route=\/wp\/v2\/pages"}],"about":[{"href":"https:\/\/www.ludifest.cl\/index.php?rest_route=\/wp\/v2\/types\/page"}],"author":[{"embeddable":true,"href":"https:\/\/www.ludifest.cl\/index.php?rest_route=\/wp\/v2\/users\/3"}],"replies":[{"embeddable":true,"href":"https:\/\/www.ludifest.cl\/index.php?rest_route=%2Fwp%2Fv2%2Fcomments&post=316"}],"version-history":[{"count":10,"href":"https:\/\/www.ludifest.cl\/index.php?rest_route=\/wp\/v2\/pages\/316\/revisions"}],"predecessor-version":[{"id":1335,"href":"https:\/\/www.ludifest.cl\/index.php?rest_route=\/wp\/v2\/pages\/316\/revisions\/1335"}],"wp:attachment":[{"href":"https:\/\/www.ludifest.cl\/index.php?rest_route=%2Fwp%2Fv2%2Fmedia&parent=316"}],"curies":[{"name":"wp","href":"https:\/\/api.w.org\/{rel}","templated":true}]}}