{"id":1784,"date":"2026-04-23T12:12:17","date_gmt":"2026-04-23T16:12:17","guid":{"rendered":"https:\/\/www.ludifest.cl\/?page_id=1784"},"modified":"2026-04-23T12:12:18","modified_gmt":"2026-04-23T16:12:18","slug":"lista-de-juegos-en-nuestra-ludoteca-de-juegos","status":"publish","type":"page","link":"https:\/\/www.ludifest.cl\/?page_id=1784","title":{"rendered":"Lista de Juegos en Nuestra Ludoteca de juegos"},"content":{"rendered":"\n<p>Recuerda que la Ludoteca de Juegos es un espacio dentro de Ludifest donde podr\u00e1s tener una mesa de juego y acceder a nuestra Ludoteca.<\/p>\n\n\n\n<p>Tambi\u00e9n contaremos con se\u00f1al\u00e9tica para que puedas indicar si quieres que alguien te ense\u00f1e un juego o si  buscas gente con quien jugar un juego que t\u00fa ya sabes jugar.<\/p>\n\n\n\n<p>Ludifest no tendr\u00e1 demostradores en esta zona.<\/p>\n\n\n\n<p>El costo de acceso es de $5.000 y lo puedes adquirir <a href=\"https:\/\/www.passline.com\/sitio-evento\/ludifest-2026-el-festival-de-los-juegos-de-mesa\">aqu\u00ed.<\/a><\/p>\n\n\n\n<p><strong>Juegos:<\/strong><\/p>\n\n\n\n<ul class=\"wp-block-list\">\n<li>Arcolazo<\/li>\n\n\n\n<li>Pikit<\/li>\n\n\n\n<li>Trivia de F\u00fatbol<\/li>\n\n\n\n<li>Heroes of Barcadia<\/li>\n\n\n\n<li>Brainbox f\u00fatbol<\/li>\n\n\n\n<li>Cu4tro<\/li>\n\n\n\n<li>Dragon Keepers<\/li>\n\n\n\n<li>Stella<\/li>\n\n\n\n<li>Dixit Dsney<\/li>\n\n\n\n<li>So clover<\/li>\n\n\n\n<li>Cities<\/li>\n\n\n\n<li>Mental Blocks<\/li>\n\n\n\n<li>Via Magica<\/li>\n\n\n\n<li>C\u00f3digo secreto<\/li>\n\n\n\n<li>H\u00e9roes de Terrinoth<\/li>\n\n\n\n<li>What do you meme? Edici\u00f3n Familiar<\/li>\n\n\n\n<li>Gasha<\/li>\n\n\n\n<li>Sushi go<\/li>\n\n\n\n<li>Survive The island<\/li>\n\n\n\n<li>Exploding Kittens<\/li>\n\n\n\n<li>Ole Guacamole<\/li>\n\n\n\n<li>Trekking through history<\/li>\n\n\n\n<li>El laberinto m\u00e1gico<\/li>\n\n\n\n<li>Cat\u00e1n el juego<\/li>\n\n\n\n<li>Pares<\/li>\n\n\n\n<li>Card Wars<\/li>\n\n\n\n<li>Next station Paris<\/li>\n\n\n\n<li>La comunidad del anillo el juego de bazas<\/li>\n\n\n\n<li>Happy Mochi<\/li>\n\n\n\n<li>Carcassonne<\/li>\n\n\n\n<li>Cu4atro<\/li>\n\n\n\n<li>Hillo<\/li>\n\n\n\n<li>Descarta2<\/li>\n\n\n\n<li>Pandemic Zona 0 Norteam\u00e9rica<\/li>\n\n\n\n<li>Trivia del mundo<\/li>\n\n\n\n<li>The mind<\/li>\n\n\n\n<li>Mixmo<\/li>\n\n\n\n<li>Tesoropoly<\/li>\n\n\n\n<li>Piedra, papel o tijera<\/li>\n\n\n\n<li>\u00bfLo sabes?<\/li>\n\n\n\n<li>Velozmente<\/li>\n\n\n\n<li>Clank!<\/li>\n\n\n\n<li>Burger \u00a1Ya!<\/li>\n\n\n\n<li>Bears vs babies<\/li>\n\n\n\n<li>Ouch<\/li>\n\n\n\n<li>Scout<\/li>\n\n\n\n<li>Los odiosos 7<\/li>\n\n\n\n<li>Mind bug<\/li>\n\n\n\n<li>Pokem\u00f3n Academia de combate<\/li>\n\n\n\n<li>Praga<\/li>\n\n\n\n<li>Joking Hazard<\/li>\n\n\n\n<li>Bonsai<\/li>\n\n\n\n<li>Purrfect Match<\/li>\n\n\n\n<li>Tranv\u00eda Mortal<\/li>\n\n\n\n<li>Pradera<\/li>\n\n\n\n<li>Amiguis<\/li>\n\n\n\n<li>Yo lo vi<\/li>\n\n\n\n<li>Crazy Tower<\/li>\n\n\n\n<li>Suburbia<\/li>\n\n\n\n<li>Dominations<\/li>\n\n\n\n<li>Duelos de f\u00fatbol<\/li>\n\n\n\n<li>\u00bfAlcachofas? No, gracias<\/li>\n\n\n\n<li>Dobble<\/li>\n\n\n\n<li>Chromino<\/li>\n\n\n\n<li>Logiquest \u00a1Aventureros al tren!<\/li>\n\n\n\n<li>Dobble 31 minutos<\/li>\n\n\n\n<li>Skull King<\/li>\n\n\n\n<li>Ese juego de los sonidos<\/li>\n\n\n\n<li>Treos<\/li>\n\n\n\n<li>Skull<\/li>\n\n\n\n<li>Really Loud Librarians<\/li>\n\n\n\n<li>Here to slay<\/li>\n\n\n\n<li>\u00bfCu\u00e1l es tu monstruo?<\/li>\n\n\n\n<li>Yo lo vi blanco y negro<\/li>\n\n\n\n<li>Mandalorian Adventures<\/li>\n\n\n\n<li>Harry Potter el maestro del hechizo<\/li>\n\n\n\n<li>\u00a1A empacar!<\/li>\n\n\n\n<li>Colorio<\/li>\n\n\n\n<li>Draftosaurus<\/li>\n\n\n\n<li>5 minute Dungeon Mystery<\/li>\n\n\n\n<li>Splendor<\/li>\n\n\n\n<li>Quorum<\/li>\n\n\n\n<li>Zombicide Gear Up<\/li>\n\n\n\n<li>Agricola<\/li>\n\n\n\n<li>Amazonas<\/li>\n\n\n\n<li>Machi Koro 2<\/li>\n\n\n\n<li>Sound Fishi<\/li>\n\n\n\n<li>Criaturas de las sombras<\/li>\n\n\n\n<li>Dominio de los elementos<\/li>\n\n\n\n<li>Juego de Tronos El Juego de Tablero<\/li>\n\n\n\n<li>5 Minute Dungeon<\/li>\n\n\n\n<li>Mariposas<\/li>\n\n\n\n<li>Potion Explotion<\/li>\n\n\n\n<li>Trio<\/li>\n\n\n\n<li>The Island<\/li>\n\n\n\n<li>\u00bfQu\u00e9 es?<\/li>\n\n\n\n<li>Happy Little Dinosaurs<\/li>\n\n\n\n<li>silk<\/li>\n\n\n\n<li>Pelo pata popo<\/li>\n\n\n\n<li>Little Tavern<\/li>\n\n\n\n<li>C\u00e1llate<\/li>\n\n\n\n<li>Azul Jard\u00edn de la reina<\/li>\n\n\n\n<li>Soviet Kitchen<\/li>\n\n\n\n<li>Fritanga<\/li>\n\n\n\n<li>Power Hungry Pets<\/li>\n\n\n\n<li>Wizard<\/li>\n\n\n\n<li>Dobles<\/li>\n\n\n\n<li>Maze Scape<\/li>\n\n\n\n<li>R\u00edo de Oro<\/li>\n\n\n\n<li>La b\u00fasqueda del planeta X<\/li>\n\n\n\n<li>La \u00faltima carta<\/li>\n\n\n\n<li>Unestable unicorns para ni\u00f1os<\/li>\n\n\n\n<li>P\u00f3ker de bichos<\/li>\n\n\n\n<li>Happy Salmon<\/li>\n\n\n\n<li>King of Tokyo Origins<\/li>\n\n\n\n<li>Timeline twisst<\/li>\n\n\n\n<li>Set up<\/li>\n\n\n\n<li>\u00a1Campeones!<\/li>\n\n\n\n<li>Season base<\/li>\n\n\n\n<li>Hint Pocket<\/li>\n\n\n\n<li>Hint<\/li>\n\n\n\n<li>Telestration base<\/li>\n\n\n\n<li>Super munchkin<\/li>\n\n\n\n<li>Potion Explotion el 6to estudiante<\/li>\n\n\n\n<li>Dixit Nueva edici\u00f3n<\/li>\n\n\n\n<li>Star Wars La Batalla de Hoth<\/li>\n\n\n\n<li>Bang! El juego de dados<\/li>\n\n\n\n<li>\u00a1Aventureros al Tren! Europa<\/li>\n\n\n\n<li>Pandemic Base<\/li>\n\n\n\n<li>Dixit Odyssey Refresh<\/li>\n\n\n\n<li>Concept Kids Animales<\/li>\n\n\n\n<li>Cortex Challenge Kids Disney<\/li>\n\n\n\n<li>Piles<\/li>\n\n\n\n<li>7 Wonders Nueva Edici\u00f3n<\/li>\n\n\n\n<li>Quick Stop<\/li>\n\n\n\n<li>Intimoos<\/li>\n\n\n\n<li>Unstable Unicorns Base<\/li>\n\n\n\n<li>\u00a1A prueba de retos!<\/li>\n\n\n\n<li>Love Letter Eco Box<\/li>\n\n\n\n<li>Harmonies<\/li>\n\n\n\n<li>Taco gato cabra queso pizza<\/li>\n\n\n\n<li>Dungeon Fighter 2da Edici\u00f3n<\/li>\n\n\n\n<li>La Escalera Encantada<\/li>\n\n\n\n<li>Fantasma Blitz<\/li>\n\n\n\n<li>La Isla Prohibida<\/li>\n\n\n\n<li>King Of Tokio Origins<\/li>\n\n\n\n<li>Peque\u00f1as Grandes Galaxias<\/li>\n\n\n\n<li>Poquer de Bichos<\/li>\n\n\n\n<li>Regicide<\/li>\n\n\n\n<li>La Resistencia<\/li>\n\n\n\n<li>Sagrada<\/li>\n\n\n\n<li>Savernake Forest<\/li>\n\n\n\n<li>Skull King (2da Ed.)<\/li>\n\n\n\n<li>Star Realms (en espa\u00f1ol)<\/li>\n\n\n\n<li>Trio (Espa\u00f1ol)-Juego<\/li>\n\n\n\n<li>Ubongo Trilingue<\/li>\n\n\n\n<li>The White Castle<\/li>\n\n\n\n<li>SOS Dino<\/li>\n\n\n\n<li>Virus<\/li>\n\n\n\n<li>\u00a1Lenguas Afuera!<\/li>\n\n\n\n<li>Quoridor Pac Man Segunda Edicion<\/li>\n\n\n\n<li>Pi\u00f1a Cola Dice<\/li>\n\n\n\n<li>Terraforming Mars<\/li>\n\n\n\n<li>Wingspan<\/li>\n\n\n\n<li>Nexos Une Los Lados y Gana La Partida<\/li>\n\n\n\n<li>Perritos (Juego de Mesa)<\/li>\n\n\n\n<li>Corruptia<\/li>\n\n\n\n<li>Draftosaurus<\/li>\n\n\n\n<li>Tough Callas: Dystopia<\/li>\n\n\n\n<li>Spicy<\/li>\n\n\n\n<li>\u00a1Hula-Hula!<\/li>\n\n\n\n<li>Llama<\/li>\n\n\n\n<li>Formula 31<\/li>\n\n\n\n<li>Doggy Style<\/li>\n<\/ul>\n\n\n\n<p><\/p>\n","protected":false},"excerpt":{"rendered":"<p>Recuerda que la Ludoteca de Juegos es un espacio dentro de Ludifest donde podr\u00e1s tener una mesa de juego y acceder a nuestra Ludoteca. Tambi\u00e9n contaremos con se\u00f1al\u00e9tica para que puedas indicar si quieres que alguien te ense\u00f1e un juego o si buscas gente con quien jugar un juego que t\u00fa ya sabes jugar. Ludifest no tendr\u00e1 demostradores en esta&#8230;<\/p>\n","protected":false},"author":4,"featured_media":0,"parent":0,"menu_order":0,"comment_status":"closed","ping_status":"closed","template":"","meta":{"footnotes":""},"class_list":["post-1784","page","type-page","status-publish","hentry"],"yoast_head":"<!-- This site is optimized with the Yoast SEO Premium plugin v25.0 (Yoast SEO v25.0) - https:\/\/yoast.com\/wordpress\/plugins\/seo\/ -->\n<title>Lista de Juegos en Nuestra Ludoteca de juegos - Ludifest 2026<\/title>\n<meta name=\"robots\" content=\"index, follow, max-snippet:-1, max-image-preview:large, max-video-preview:-1\" \/>\n<link rel=\"canonical\" href=\"https:\/\/www.ludifest.cl\/?page_id=1784\" \/>\n<meta property=\"og:locale\" content=\"en_US\" \/>\n<meta property=\"og:type\" content=\"article\" \/>\n<meta property=\"og:title\" content=\"Lista de Juegos en Nuestra Ludoteca de juegos\" \/>\n<meta property=\"og:description\" content=\"Recuerda que la Ludoteca de Juegos es un espacio dentro de Ludifest donde podr\u00e1s tener una mesa de juego y acceder a nuestra Ludoteca. Tambi\u00e9n contaremos con se\u00f1al\u00e9tica para que puedas indicar si quieres que alguien te ense\u00f1e un juego o si buscas gente con quien jugar un juego que t\u00fa ya sabes jugar. Ludifest no tendr\u00e1 demostradores en esta...\" \/>\n<meta property=\"og:url\" content=\"https:\/\/www.ludifest.cl\/?page_id=1784\" \/>\n<meta property=\"og:site_name\" content=\"Ludifest 2026\" \/>\n<meta property=\"article:modified_time\" content=\"2026-04-23T16:12:18+00:00\" \/>\n<meta name=\"twitter:card\" content=\"summary_large_image\" \/>\n<meta name=\"twitter:label1\" content=\"Est. reading time\" \/>\n\t<meta name=\"twitter:data1\" content=\"3 minutes\" \/>\n<script type=\"application\/ld+json\" class=\"yoast-schema-graph\">{\"@context\":\"https:\/\/schema.org\",\"@graph\":[{\"@type\":\"WebPage\",\"@id\":\"https:\/\/www.ludifest.cl\/?page_id=1784\",\"url\":\"https:\/\/www.ludifest.cl\/?page_id=1784\",\"name\":\"Lista de Juegos en Nuestra Ludoteca de juegos - Ludifest 2026\",\"isPartOf\":{\"@id\":\"https:\/\/www.ludifest.cl\/#website\"},\"datePublished\":\"2026-04-23T16:12:17+00:00\",\"dateModified\":\"2026-04-23T16:12:18+00:00\",\"breadcrumb\":{\"@id\":\"https:\/\/www.ludifest.cl\/?page_id=1784#breadcrumb\"},\"inLanguage\":\"en-CA\",\"potentialAction\":[{\"@type\":\"ReadAction\",\"target\":[\"https:\/\/www.ludifest.cl\/?page_id=1784\"]}]},{\"@type\":\"BreadcrumbList\",\"@id\":\"https:\/\/www.ludifest.cl\/?page_id=1784#breadcrumb\",\"itemListElement\":[{\"@type\":\"ListItem\",\"position\":1,\"name\":\"Home\",\"item\":\"https:\/\/www.ludifest.cl\/\"},{\"@type\":\"ListItem\",\"position\":2,\"name\":\"Lista de Juegos en Nuestra Ludoteca de juegos\"}]},{\"@type\":\"WebSite\",\"@id\":\"https:\/\/www.ludifest.cl\/#website\",\"url\":\"https:\/\/www.ludifest.cl\/\",\"name\":\"Ludifest 2026\",\"description\":\"El festival de los juegos de mesa\",\"publisher\":{\"@id\":\"https:\/\/www.ludifest.cl\/#organization\"},\"potentialAction\":[{\"@type\":\"SearchAction\",\"target\":{\"@type\":\"EntryPoint\",\"urlTemplate\":\"https:\/\/www.ludifest.cl\/?s={search_term_string}\"},\"query-input\":{\"@type\":\"PropertyValueSpecification\",\"valueRequired\":true,\"valueName\":\"search_term_string\"}}],\"inLanguage\":\"en-CA\"},{\"@type\":\"Organization\",\"@id\":\"https:\/\/www.ludifest.cl\/#organization\",\"name\":\"Ludifest 2026\",\"url\":\"https:\/\/www.ludifest.cl\/\",\"logo\":{\"@type\":\"ImageObject\",\"inLanguage\":\"en-CA\",\"@id\":\"https:\/\/www.ludifest.cl\/#\/schema\/logo\/image\/\",\"url\":\"https:\/\/cdn.svc.asmodee.net\/production-ludifest\/uploads\/2020\/08\/Logo-Ludifest-V.png\",\"contentUrl\":\"https:\/\/cdn.svc.asmodee.net\/production-ludifest\/uploads\/2020\/08\/Logo-Ludifest-V.png\",\"width\":2245,\"height\":316,\"caption\":\"Ludifest 2026\"},\"image\":{\"@id\":\"https:\/\/www.ludifest.cl\/#\/schema\/logo\/image\/\"}}]}<\/script>\n<!-- \/ Yoast SEO Premium plugin. -->","yoast_head_json":{"title":"Lista de Juegos en Nuestra Ludoteca de juegos - Ludifest 2026","robots":{"index":"index","follow":"follow","max-snippet":"max-snippet:-1","max-image-preview":"max-image-preview:large","max-video-preview":"max-video-preview:-1"},"canonical":"https:\/\/www.ludifest.cl\/?page_id=1784","og_locale":"en_US","og_type":"article","og_title":"Lista de Juegos en Nuestra Ludoteca de juegos","og_description":"Recuerda que la Ludoteca de Juegos es un espacio dentro de Ludifest donde podr\u00e1s tener una mesa de juego y acceder a nuestra Ludoteca. Tambi\u00e9n contaremos con se\u00f1al\u00e9tica para que puedas indicar si quieres que alguien te ense\u00f1e un juego o si buscas gente con quien jugar un juego que t\u00fa ya sabes jugar. Ludifest no tendr\u00e1 demostradores en esta...","og_url":"https:\/\/www.ludifest.cl\/?page_id=1784","og_site_name":"Ludifest 2026","article_modified_time":"2026-04-23T16:12:18+00:00","twitter_card":"summary_large_image","twitter_misc":{"Est. reading time":"3 minutes"},"schema":{"@context":"https:\/\/schema.org","@graph":[{"@type":"WebPage","@id":"https:\/\/www.ludifest.cl\/?page_id=1784","url":"https:\/\/www.ludifest.cl\/?page_id=1784","name":"Lista de Juegos en Nuestra Ludoteca de juegos - Ludifest 2026","isPartOf":{"@id":"https:\/\/www.ludifest.cl\/#website"},"datePublished":"2026-04-23T16:12:17+00:00","dateModified":"2026-04-23T16:12:18+00:00","breadcrumb":{"@id":"https:\/\/www.ludifest.cl\/?page_id=1784#breadcrumb"},"inLanguage":"en-CA","potentialAction":[{"@type":"ReadAction","target":["https:\/\/www.ludifest.cl\/?page_id=1784"]}]},{"@type":"BreadcrumbList","@id":"https:\/\/www.ludifest.cl\/?page_id=1784#breadcrumb","itemListElement":[{"@type":"ListItem","position":1,"name":"Home","item":"https:\/\/www.ludifest.cl\/"},{"@type":"ListItem","position":2,"name":"Lista de Juegos en Nuestra Ludoteca de juegos"}]},{"@type":"WebSite","@id":"https:\/\/www.ludifest.cl\/#website","url":"https:\/\/www.ludifest.cl\/","name":"Ludifest 2026","description":"El festival de los juegos de mesa","publisher":{"@id":"https:\/\/www.ludifest.cl\/#organization"},"potentialAction":[{"@type":"SearchAction","target":{"@type":"EntryPoint","urlTemplate":"https:\/\/www.ludifest.cl\/?s={search_term_string}"},"query-input":{"@type":"PropertyValueSpecification","valueRequired":true,"valueName":"search_term_string"}}],"inLanguage":"en-CA"},{"@type":"Organization","@id":"https:\/\/www.ludifest.cl\/#organization","name":"Ludifest 2026","url":"https:\/\/www.ludifest.cl\/","logo":{"@type":"ImageObject","inLanguage":"en-CA","@id":"https:\/\/www.ludifest.cl\/#\/schema\/logo\/image\/","url":"https:\/\/cdn.svc.asmodee.net\/production-ludifest\/uploads\/2020\/08\/Logo-Ludifest-V.png","contentUrl":"https:\/\/cdn.svc.asmodee.net\/production-ludifest\/uploads\/2020\/08\/Logo-Ludifest-V.png","width":2245,"height":316,"caption":"Ludifest 2026"},"image":{"@id":"https:\/\/www.ludifest.cl\/#\/schema\/logo\/image\/"}}]}},"_links":{"self":[{"href":"https:\/\/www.ludifest.cl\/index.php?rest_route=\/wp\/v2\/pages\/1784","targetHints":{"allow":["GET"]}}],"collection":[{"href":"https:\/\/www.ludifest.cl\/index.php?rest_route=\/wp\/v2\/pages"}],"about":[{"href":"https:\/\/www.ludifest.cl\/index.php?rest_route=\/wp\/v2\/types\/page"}],"author":[{"embeddable":true,"href":"https:\/\/www.ludifest.cl\/index.php?rest_route=\/wp\/v2\/users\/4"}],"replies":[{"embeddable":true,"href":"https:\/\/www.ludifest.cl\/index.php?rest_route=%2Fwp%2Fv2%2Fcomments&post=1784"}],"version-history":[{"count":1,"href":"https:\/\/www.ludifest.cl\/index.php?rest_route=\/wp\/v2\/pages\/1784\/revisions"}],"predecessor-version":[{"id":1785,"href":"https:\/\/www.ludifest.cl\/index.php?rest_route=\/wp\/v2\/pages\/1784\/revisions\/1785"}],"wp:attachment":[{"href":"https:\/\/www.ludifest.cl\/index.php?rest_route=%2Fwp%2Fv2%2Fmedia&parent=1784"}],"curies":[{"name":"wp","href":"https:\/\/api.w.org\/{rel}","templated":true}]}}